{"id":112,"date":"2020-07-01T11:13:08","date_gmt":"2020-07-01T11:13:08","guid":{"rendered":"http:\/\/feiern-in-daaden.de\/?page_id=112"},"modified":"2022-11-29T15:02:25","modified_gmt":"2022-11-29T14:02:25","slug":"impressum","status":"publish","type":"page","link":"http:\/\/feiern-in-daaden.de\/?page_id=112","title":{"rendered":"Impressum"},"content":{"rendered":"<header class=\"entry-header\">\n<h1 class=\"entry-title\">Impressum<\/h1>\n<\/header>\n<div class=\"entry-content clearfix\">\n<p><strong>B\u00fclo\u00b4s &amp; Diggi\u00b4s<\/strong><br \/>\n<strong>Betzdorfer Stra\u00dfe 15<\/strong><br \/>\n<strong>57567 Daaden<br \/>\n<\/strong><\/p>\n<p><strong>Telefon <span class=\"oi732d6d ik7dh3pa d2edcug0 qv66sw1b c1et5uql a8c37x1j muag1w35 ew0dbk1b jq4qci2q a3bd9o3v knj5qynh oo9gr5id hzawbc8m\" dir=\"auto\"><span class=\"oi732d6d ik7dh3pa d2edcug0 qv66sw1b c1et5uql jq4qci2q a3bd9o3v knj5qynh oo9gr5id\">02743 \u2013 7529640<\/span><\/span><\/strong><br \/>\nEmail: <span class=\"oi732d6d ik7dh3pa d2edcug0 qv66sw1b c1et5uql a8c37x1j muag1w35 ew0dbk1b jq4qci2q a3bd9o3v knj5qynh oo9gr5id hzawbc8m\" dir=\"auto\"><span class=\"oi732d6d ik7dh3pa d2edcug0 qv66sw1b c1et5uql jq4qci2q a3bd9o3v knj5qynh py34i1dx\"><a class=\"oajrlxb2 g5ia77u1 qu0x051f esr5mh6w e9989ue4 r7d6kgcz rq0escxv nhd2j8a9 nc684nl6 p7hjln8o kvgmc6g5 cxmmr5t8 oygrvhab hcukyx3x jb3vyjys rz4wbd8a qt6c0cv9 a8nywdso i1ao9s8h esuyzwwr f1sip0of lzcic4wl py34i1dx gpro0wi8\" tabindex=\"0\" role=\"link\" href=\"mailto:buelentyapar@web.de\" target=\"_blank\" rel=\"noopener noreferrer\">buelentyapar@web.de<\/a><\/span><\/span><br \/>\n<strong>Inhaber:<\/strong><br \/>\n<em>B\u00fclent Yapar<\/em><\/p>\n<p><strong>Haftungshinweis:<\/strong><\/p>\n<p>Trotz sorgf\u00e4ltiger inhaltlicher Kontrolle \u00fcbernehmen wir keine Haftung f\u00fcr die Inhalte externer Links. F\u00fcr den Inhalt der verlinkten Seiten sind ausschlie\u00dflich deren Betreiber verantwortlich.<\/p>\n<p>Urheberrecht \/ Copyright:<br \/>\nVervielf\u00e4ltigungen, jeglicher Art der Inhalte dieses Internetangebotes, sind nur mit ausdr\u00fccklicher Zustimmung des Seitenbetreibers gestattet.<\/p>\n<p>Hinweis zu allen Verweisen \/ externe Links:<br \/>\nDer Seitenbetreiber von http:\/\/www.feiern-in-daaden.de ist nicht f\u00fcr die Inhalte fremder Webseiten verantwortlich, die \u00fcber einen Verweis von dieser Webseite aus betreten werden k\u00f6nnen. Diese Erkl\u00e4rung betrifft auch Verweise, die von Seitenbenutzern selbst \u00fcber Formulare \/ Kommentare angebracht werden und nicht dieses Webangebot betreffen.<\/p>\n<p>Haftungsausschlu\u00df:<br \/>\nDie Beitr\u00e4ge und Inhalte auf http:\/\/www.feiern-in-daaden.de werden sorgf\u00e4ltig recherchiert. Es wird keine Haftung f\u00fcr die Richtigkeit der zur Verf\u00fcgung gestellten Informationen und Inhalte \u00fcbernommen.<\/p>\n<p>Datenschutz:<br \/>\nSofern innerhalb des Internetangebotes die M\u00f6glichkeit zur Eingabe pers\u00f6nlicher oder gesch\u00e4ftlicher Daten (Emailadressen, Namen, Anschriften) besteht, so erfolgt die Preisgabe dieser Daten seitens des Nutzers auf ausdr\u00fccklich freiwilliger Basis. Die Inanspruchnahme und Bezahlung aller angebotenen Dienste ist \u2013 soweit technisch m\u00f6glich und zumutbar \u2013 auch ohne Angabe solcher Daten bzw. unter Angabe anonymisierter Daten oder eines Pseudonyms gestattet. Die Nutzung der im Rahmen des Impressums oder vergleichbarer Angaben ver\u00f6ffentlichten Kontaktdaten wie Postanschriften, Telefon- und Faxnummern sowie Emailadressen durch Dritte zur \u00dcbersendung von nicht ausdr\u00fccklich angeforderten Informationen ist nicht gestattet. Rechtliche Schritte gegen die Versender von sogenannten Spam-Mails bei Verst\u00f6ssen gegen dieses Verbot sind ausdr\u00fccklich vorbehalten.<\/p>\n<\/div>\n","protected":false},"excerpt":{"rendered":"<p>Impressum B\u00fclo\u00b4s &amp; Diggi\u00b4s Betzdorfer Stra\u00dfe 15 57567 Daaden Telefon 02743 \u2013 7529640 Email: buelentyapar@web.de Inhaber: B\u00fclent Yapar Haftungshinweis: Trotz sorgf\u00e4ltiger inhaltlicher Kontrolle \u00fcbernehmen wir keine Haftung f\u00fcr die Inhalte externer Links. F\u00fcr den Inhalt der verlinkten Seiten sind ausschlie\u00dflich deren Betreiber verantwortlich. Urheberrecht \/ Copyright: Vervielf\u00e4ltigungen, jeglicher Art der Inhalte dieses Internetangebotes, sind nur [&hellip;]<\/p>\n","protected":false},"author":1,"featured_media":0,"parent":0,"menu_order":0,"comment_status":"closed","ping_status":"closed","template":"","meta":{"footnotes":""},"class_list":["post-112","page","type-page","status-publish","hentry"],"yoast_head":"<!-- This site is optimized with the Yoast SEO plugin v24.0 - https:\/\/yoast.com\/wordpress\/plugins\/seo\/ -->\n<title>B\u00fclo\u00b4s und Diggi\u00b4s, www.feiern-in-daaden.de Kneipe und Pub in Daaden mit Kegelbahn<\/title>\n<meta name=\"description\" content=\"Eure Kneipe in Daaden, Pub in Daaden, Kegelbahn in Daaden, Dart spielen in Daaden, feiern in Daaden\" \/>\n<meta name=\"robots\" content=\"index, follow, max-snippet:-1, max-image-preview:large, max-video-preview:-1\" \/>\n<link rel=\"canonical\" href=\"http:\/\/feiern-in-daaden.de\/?page_id=112\" \/>\n<meta property=\"og:locale\" content=\"de_DE\" \/>\n<meta property=\"og:type\" content=\"article\" \/>\n<meta property=\"og:title\" content=\"B\u00fclo\u00b4s und Diggi\u00b4s, www.feiern-in-daaden.de Kneipe und Pub in Daaden mit Kegelbahn\" \/>\n<meta property=\"og:description\" content=\"Eure Kneipe in Daaden, Pub in Daaden, Kegelbahn in Daaden, Dart spielen in Daaden, feiern in Daaden\" \/>\n<meta property=\"og:url\" content=\"http:\/\/feiern-in-daaden.de\/?page_id=112\" \/>\n<meta property=\"og:site_name\" content=\"Willkommen bei B\u00fclo`s und Diggi\u00b4s\" \/>\n<meta property=\"article:publisher\" content=\"https:\/\/www.facebook.com\/B%c3%bclos-Diggis-108013274017405\" \/>\n<meta property=\"article:modified_time\" content=\"2022-11-29T14:02:25+00:00\" \/>\n<meta name=\"twitter:card\" content=\"summary_large_image\" \/>\n<meta name=\"twitter:label1\" content=\"Gesch\u00e4tzte Lesezeit\" \/>\n\t<meta name=\"twitter:data1\" content=\"2\u00a0Minuten\" \/>\n<script type=\"application\/ld+json\" class=\"yoast-schema-graph\">{\"@context\":\"https:\/\/schema.org\",\"@graph\":[{\"@type\":\"WebPage\",\"@id\":\"http:\/\/feiern-in-daaden.de\/?page_id=112\",\"url\":\"http:\/\/feiern-in-daaden.de\/?page_id=112\",\"name\":\"B\u00fclo\u00b4s und Diggi\u00b4s, www.feiern-in-daaden.de Kneipe und Pub in Daaden mit Kegelbahn\",\"isPartOf\":{\"@id\":\"http:\/\/feiern-in-daaden.de\/#website\"},\"datePublished\":\"2020-07-01T11:13:08+00:00\",\"dateModified\":\"2022-11-29T14:02:25+00:00\",\"description\":\"Eure Kneipe in Daaden, Pub in Daaden, Kegelbahn in Daaden, Dart spielen in Daaden, feiern in Daaden\",\"breadcrumb\":{\"@id\":\"http:\/\/feiern-in-daaden.de\/?page_id=112#breadcrumb\"},\"inLanguage\":\"de\",\"potentialAction\":[{\"@type\":\"ReadAction\",\"target\":[\"http:\/\/feiern-in-daaden.de\/?page_id=112\"]}]},{\"@type\":\"BreadcrumbList\",\"@id\":\"http:\/\/feiern-in-daaden.de\/?page_id=112#breadcrumb\",\"itemListElement\":[{\"@type\":\"ListItem\",\"position\":1,\"name\":\"Startseite\",\"item\":\"http:\/\/feiern-in-daaden.de\/\"},{\"@type\":\"ListItem\",\"position\":2,\"name\":\"Impressum\"}]},{\"@type\":\"WebSite\",\"@id\":\"http:\/\/feiern-in-daaden.de\/#website\",\"url\":\"http:\/\/feiern-in-daaden.de\/\",\"name\":\"Willkommen bei B\u00fclo`s und Diggi\u00b4s\",\"description\":\"Kneipe und Pub in Daaden zum Feiern, Dart spielen, uvm.\",\"publisher\":{\"@id\":\"http:\/\/feiern-in-daaden.de\/#organization\"},\"potentialAction\":[{\"@type\":\"SearchAction\",\"target\":{\"@type\":\"EntryPoint\",\"urlTemplate\":\"http:\/\/feiern-in-daaden.de\/?s={search_term_string}\"},\"query-input\":{\"@type\":\"PropertyValueSpecification\",\"valueRequired\":true,\"valueName\":\"search_term_string\"}}],\"inLanguage\":\"de\"},{\"@type\":\"Organization\",\"@id\":\"http:\/\/feiern-in-daaden.de\/#organization\",\"name\":\"B\u00fclo\u00b4s und Diggi\u00b4s\",\"url\":\"http:\/\/feiern-in-daaden.de\/\",\"logo\":{\"@type\":\"ImageObject\",\"inLanguage\":\"de\",\"@id\":\"http:\/\/feiern-in-daaden.de\/#\/schema\/logo\/image\/\",\"url\":\"http:\/\/feiern-in-daaden.de\/wp-content\/uploads\/2020\/03\/logo.jpg\",\"contentUrl\":\"http:\/\/feiern-in-daaden.de\/wp-content\/uploads\/2020\/03\/logo.jpg\",\"width\":563,\"height\":563,\"caption\":\"B\u00fclo\u00b4s und Diggi\u00b4s\"},\"image\":{\"@id\":\"http:\/\/feiern-in-daaden.de\/#\/schema\/logo\/image\/\"},\"sameAs\":[\"https:\/\/www.facebook.com\/B\u00fclos-Diggis-108013274017405\"]}]}<\/script>\n<!-- \/ Yoast SEO plugin. -->","yoast_head_json":{"title":"B\u00fclo\u00b4s und Diggi\u00b4s, www.feiern-in-daaden.de Kneipe und Pub in Daaden mit Kegelbahn","description":"Eure Kneipe in Daaden, Pub in Daaden, Kegelbahn in Daaden, Dart spielen in Daaden, feiern in Daaden","robots":{"index":"index","follow":"follow","max-snippet":"max-snippet:-1","max-image-preview":"max-image-preview:large","max-video-preview":"max-video-preview:-1"},"canonical":"http:\/\/feiern-in-daaden.de\/?page_id=112","og_locale":"de_DE","og_type":"article","og_title":"B\u00fclo\u00b4s und Diggi\u00b4s, www.feiern-in-daaden.de Kneipe und Pub in Daaden mit Kegelbahn","og_description":"Eure Kneipe in Daaden, Pub in Daaden, Kegelbahn in Daaden, Dart spielen in Daaden, feiern in Daaden","og_url":"http:\/\/feiern-in-daaden.de\/?page_id=112","og_site_name":"Willkommen bei B\u00fclo`s und Diggi\u00b4s","article_publisher":"https:\/\/www.facebook.com\/B%c3%bclos-Diggis-108013274017405","article_modified_time":"2022-11-29T14:02:25+00:00","twitter_card":"summary_large_image","twitter_misc":{"Gesch\u00e4tzte Lesezeit":"2\u00a0Minuten"},"schema":{"@context":"https:\/\/schema.org","@graph":[{"@type":"WebPage","@id":"http:\/\/feiern-in-daaden.de\/?page_id=112","url":"http:\/\/feiern-in-daaden.de\/?page_id=112","name":"B\u00fclo\u00b4s und Diggi\u00b4s, www.feiern-in-daaden.de Kneipe und Pub in Daaden mit Kegelbahn","isPartOf":{"@id":"http:\/\/feiern-in-daaden.de\/#website"},"datePublished":"2020-07-01T11:13:08+00:00","dateModified":"2022-11-29T14:02:25+00:00","description":"Eure Kneipe in Daaden, Pub in Daaden, Kegelbahn in Daaden, Dart spielen in Daaden, feiern in Daaden","breadcrumb":{"@id":"http:\/\/feiern-in-daaden.de\/?page_id=112#breadcrumb"},"inLanguage":"de","potentialAction":[{"@type":"ReadAction","target":["http:\/\/feiern-in-daaden.de\/?page_id=112"]}]},{"@type":"BreadcrumbList","@id":"http:\/\/feiern-in-daaden.de\/?page_id=112#breadcrumb","itemListElement":[{"@type":"ListItem","position":1,"name":"Startseite","item":"http:\/\/feiern-in-daaden.de\/"},{"@type":"ListItem","position":2,"name":"Impressum"}]},{"@type":"WebSite","@id":"http:\/\/feiern-in-daaden.de\/#website","url":"http:\/\/feiern-in-daaden.de\/","name":"Willkommen bei B\u00fclo`s und Diggi\u00b4s","description":"Kneipe und Pub in Daaden zum Feiern, Dart spielen, uvm.","publisher":{"@id":"http:\/\/feiern-in-daaden.de\/#organization"},"potentialAction":[{"@type":"SearchAction","target":{"@type":"EntryPoint","urlTemplate":"http:\/\/feiern-in-daaden.de\/?s={search_term_string}"},"query-input":{"@type":"PropertyValueSpecification","valueRequired":true,"valueName":"search_term_string"}}],"inLanguage":"de"},{"@type":"Organization","@id":"http:\/\/feiern-in-daaden.de\/#organization","name":"B\u00fclo\u00b4s und Diggi\u00b4s","url":"http:\/\/feiern-in-daaden.de\/","logo":{"@type":"ImageObject","inLanguage":"de","@id":"http:\/\/feiern-in-daaden.de\/#\/schema\/logo\/image\/","url":"http:\/\/feiern-in-daaden.de\/wp-content\/uploads\/2020\/03\/logo.jpg","contentUrl":"http:\/\/feiern-in-daaden.de\/wp-content\/uploads\/2020\/03\/logo.jpg","width":563,"height":563,"caption":"B\u00fclo\u00b4s und Diggi\u00b4s"},"image":{"@id":"http:\/\/feiern-in-daaden.de\/#\/schema\/logo\/image\/"},"sameAs":["https:\/\/www.facebook.com\/B\u00fclos-Diggis-108013274017405"]}]}},"_links":{"self":[{"href":"http:\/\/feiern-in-daaden.de\/index.php?rest_route=\/wp\/v2\/pages\/112","targetHints":{"allow":["GET"]}}],"collection":[{"href":"http:\/\/feiern-in-daaden.de\/index.php?rest_route=\/wp\/v2\/pages"}],"about":[{"href":"http:\/\/feiern-in-daaden.de\/index.php?rest_route=\/wp\/v2\/types\/page"}],"author":[{"embeddable":true,"href":"http:\/\/feiern-in-daaden.de\/index.php?rest_route=\/wp\/v2\/users\/1"}],"replies":[{"embeddable":true,"href":"http:\/\/feiern-in-daaden.de\/index.php?rest_route=%2Fwp%2Fv2%2Fcomments&post=112"}],"version-history":[{"count":3,"href":"http:\/\/feiern-in-daaden.de\/index.php?rest_route=\/wp\/v2\/pages\/112\/revisions"}],"predecessor-version":[{"id":186,"href":"http:\/\/feiern-in-daaden.de\/index.php?rest_route=\/wp\/v2\/pages\/112\/revisions\/186"}],"wp:attachment":[{"href":"http:\/\/feiern-in-daaden.de\/index.php?rest_route=%2Fwp%2Fv2%2Fmedia&parent=112"}],"curies":[{"name":"wp","href":"https:\/\/api.w.org\/{rel}","templated":true}]}}