{"id":82,"date":"2020-06-25T06:48:15","date_gmt":"2020-06-25T06:48:15","guid":{"rendered":"http:\/\/feiern-in-daaden.de\/?page_id=82"},"modified":"2024-11-22T12:26:07","modified_gmt":"2024-11-22T11:26:07","slug":"events","status":"publish","type":"page","link":"http:\/\/feiern-in-daaden.de\/?page_id=82","title":{"rendered":"Unsere Events in Daaden"},"content":{"rendered":"<p>Hier findet ihr zuk\u00fcnftig unsere Events. Schaut immer mal vorbei \ud83d\ude42 In eurem Pub in Daaden.<\/p>\n<p>Regelm\u00e4\u00dfige Events sind nat\u00fcrlich in unserer Sky Sportsbar alle Fu\u00dfballspiele, die von Sky pr\u00e4sentiert werden. Bundesliga, 2. Bundesliga, ChampionsLeague, DFB-Pokal und vieles mehr.<\/p>\n<p>Kommt vorbei und schaut auf zahlreichen Flatscreens den sch\u00f6nsten Sport der Welt in eurer Kneipe in Daaden &#8230;wenn ihr wollt.<\/p>\n<p><a href=\"https:\/\/www.facebook.com\/B%C3%BClos-Diggis-108013274017405\">Besucht uns auch gerne auf Facebook, um immer up-to-date zu sein.<\/a><\/p>\n","protected":false},"excerpt":{"rendered":"<p>Hier findet ihr zuk\u00fcnftig unsere Events. Schaut immer mal vorbei \ud83d\ude42 In eurem Pub in Daaden. Regelm\u00e4\u00dfige Events sind nat\u00fcrlich in unserer Sky Sportsbar alle Fu\u00dfballspiele, die von Sky pr\u00e4sentiert werden. Bundesliga, 2. Bundesliga, ChampionsLeague, DFB-Pokal und vieles mehr. Kommt vorbei und schaut auf zahlreichen Flatscreens den sch\u00f6nsten Sport der Welt in eurer Kneipe in [&hellip;]<\/p>\n","protected":false},"author":1,"featured_media":0,"parent":0,"menu_order":0,"comment_status":"closed","ping_status":"closed","template":"","meta":{"footnotes":""},"class_list":["post-82","page","type-page","status-publish","hentry"],"yoast_head":"<!-- This site is optimized with the Yoast SEO plugin v24.0 - https:\/\/yoast.com\/wordpress\/plugins\/seo\/ -->\n<title>Der Pub in Daaden und Umgebung \/ B\u00fclo\u00b4s und Diggi\u00b4s<\/title>\n<meta name=\"description\" content=\"Der Pub f\u00fcr Daaden und Umgebung \/ B\u00fclo\u00b4s und Diggi\u00b4s. Schaue Live Fu\u00dfball oder nutze unsere Kegelbahn in Daaden oder spiele Darts in unserem PUB in Daaden.\" \/>\n<meta name=\"robots\" content=\"index, follow, max-snippet:-1, max-image-preview:large, max-video-preview:-1\" \/>\n<link rel=\"canonical\" href=\"http:\/\/feiern-in-daaden.de\/?page_id=82\" \/>\n<meta property=\"og:locale\" content=\"de_DE\" \/>\n<meta property=\"og:type\" content=\"article\" \/>\n<meta property=\"og:title\" content=\"Der Pub in Daaden und Umgebung \/ B\u00fclo\u00b4s und Diggi\u00b4s\" \/>\n<meta property=\"og:description\" content=\"Der Pub f\u00fcr Daaden und Umgebung \/ B\u00fclo\u00b4s und Diggi\u00b4s. Schaue Live Fu\u00dfball oder nutze unsere Kegelbahn in Daaden oder spiele Darts in unserem PUB in Daaden.\" \/>\n<meta property=\"og:url\" content=\"http:\/\/feiern-in-daaden.de\/?page_id=82\" \/>\n<meta property=\"og:site_name\" content=\"Willkommen bei B\u00fclo`s und Diggi\u00b4s\" \/>\n<meta property=\"article:publisher\" content=\"https:\/\/www.facebook.com\/B%c3%bclos-Diggis-108013274017405\" \/>\n<meta property=\"article:modified_time\" content=\"2024-11-22T11:26:07+00:00\" \/>\n<meta name=\"twitter:card\" content=\"summary_large_image\" \/>\n<meta name=\"twitter:label1\" content=\"Gesch\u00e4tzte Lesezeit\" \/>\n\t<meta name=\"twitter:data1\" content=\"1\u00a0Minute\" \/>\n<script type=\"application\/ld+json\" class=\"yoast-schema-graph\">{\"@context\":\"https:\/\/schema.org\",\"@graph\":[{\"@type\":\"WebPage\",\"@id\":\"http:\/\/feiern-in-daaden.de\/?page_id=82\",\"url\":\"http:\/\/feiern-in-daaden.de\/?page_id=82\",\"name\":\"Der Pub in Daaden und Umgebung \/ B\u00fclo\u00b4s und Diggi\u00b4s\",\"isPartOf\":{\"@id\":\"http:\/\/feiern-in-daaden.de\/#website\"},\"datePublished\":\"2020-06-25T06:48:15+00:00\",\"dateModified\":\"2024-11-22T11:26:07+00:00\",\"description\":\"Der Pub f\u00fcr Daaden und Umgebung \/ B\u00fclo\u00b4s und Diggi\u00b4s. Schaue Live Fu\u00dfball oder nutze unsere Kegelbahn in Daaden oder spiele Darts in unserem PUB in Daaden.\",\"breadcrumb\":{\"@id\":\"http:\/\/feiern-in-daaden.de\/?page_id=82#breadcrumb\"},\"inLanguage\":\"de\",\"potentialAction\":[{\"@type\":\"ReadAction\",\"target\":[\"http:\/\/feiern-in-daaden.de\/?page_id=82\"]}]},{\"@type\":\"BreadcrumbList\",\"@id\":\"http:\/\/feiern-in-daaden.de\/?page_id=82#breadcrumb\",\"itemListElement\":[{\"@type\":\"ListItem\",\"position\":1,\"name\":\"Startseite\",\"item\":\"http:\/\/feiern-in-daaden.de\/\"},{\"@type\":\"ListItem\",\"position\":2,\"name\":\"Unsere Events in Daaden\"}]},{\"@type\":\"WebSite\",\"@id\":\"http:\/\/feiern-in-daaden.de\/#website\",\"url\":\"http:\/\/feiern-in-daaden.de\/\",\"name\":\"Willkommen bei B\u00fclo`s und Diggi\u00b4s\",\"description\":\"Kneipe und Pub in Daaden zum Feiern, Dart spielen, uvm.\",\"publisher\":{\"@id\":\"http:\/\/feiern-in-daaden.de\/#organization\"},\"potentialAction\":[{\"@type\":\"SearchAction\",\"target\":{\"@type\":\"EntryPoint\",\"urlTemplate\":\"http:\/\/feiern-in-daaden.de\/?s={search_term_string}\"},\"query-input\":{\"@type\":\"PropertyValueSpecification\",\"valueRequired\":true,\"valueName\":\"search_term_string\"}}],\"inLanguage\":\"de\"},{\"@type\":\"Organization\",\"@id\":\"http:\/\/feiern-in-daaden.de\/#organization\",\"name\":\"B\u00fclo\u00b4s und Diggi\u00b4s\",\"url\":\"http:\/\/feiern-in-daaden.de\/\",\"logo\":{\"@type\":\"ImageObject\",\"inLanguage\":\"de\",\"@id\":\"http:\/\/feiern-in-daaden.de\/#\/schema\/logo\/image\/\",\"url\":\"http:\/\/feiern-in-daaden.de\/wp-content\/uploads\/2020\/03\/logo.jpg\",\"contentUrl\":\"http:\/\/feiern-in-daaden.de\/wp-content\/uploads\/2020\/03\/logo.jpg\",\"width\":563,\"height\":563,\"caption\":\"B\u00fclo\u00b4s und Diggi\u00b4s\"},\"image\":{\"@id\":\"http:\/\/feiern-in-daaden.de\/#\/schema\/logo\/image\/\"},\"sameAs\":[\"https:\/\/www.facebook.com\/B\u00fclos-Diggis-108013274017405\"]}]}<\/script>\n<!-- \/ Yoast SEO plugin. -->","yoast_head_json":{"title":"Der Pub in Daaden und Umgebung \/ B\u00fclo\u00b4s und Diggi\u00b4s","description":"Der Pub f\u00fcr Daaden und Umgebung \/ B\u00fclo\u00b4s und Diggi\u00b4s. Schaue Live Fu\u00dfball oder nutze unsere Kegelbahn in Daaden oder spiele Darts in unserem PUB in Daaden.","robots":{"index":"index","follow":"follow","max-snippet":"max-snippet:-1","max-image-preview":"max-image-preview:large","max-video-preview":"max-video-preview:-1"},"canonical":"http:\/\/feiern-in-daaden.de\/?page_id=82","og_locale":"de_DE","og_type":"article","og_title":"Der Pub in Daaden und Umgebung \/ B\u00fclo\u00b4s und Diggi\u00b4s","og_description":"Der Pub f\u00fcr Daaden und Umgebung \/ B\u00fclo\u00b4s und Diggi\u00b4s. Schaue Live Fu\u00dfball oder nutze unsere Kegelbahn in Daaden oder spiele Darts in unserem PUB in Daaden.","og_url":"http:\/\/feiern-in-daaden.de\/?page_id=82","og_site_name":"Willkommen bei B\u00fclo`s und Diggi\u00b4s","article_publisher":"https:\/\/www.facebook.com\/B%c3%bclos-Diggis-108013274017405","article_modified_time":"2024-11-22T11:26:07+00:00","twitter_card":"summary_large_image","twitter_misc":{"Gesch\u00e4tzte Lesezeit":"1\u00a0Minute"},"schema":{"@context":"https:\/\/schema.org","@graph":[{"@type":"WebPage","@id":"http:\/\/feiern-in-daaden.de\/?page_id=82","url":"http:\/\/feiern-in-daaden.de\/?page_id=82","name":"Der Pub in Daaden und Umgebung \/ B\u00fclo\u00b4s und Diggi\u00b4s","isPartOf":{"@id":"http:\/\/feiern-in-daaden.de\/#website"},"datePublished":"2020-06-25T06:48:15+00:00","dateModified":"2024-11-22T11:26:07+00:00","description":"Der Pub f\u00fcr Daaden und Umgebung \/ B\u00fclo\u00b4s und Diggi\u00b4s. Schaue Live Fu\u00dfball oder nutze unsere Kegelbahn in Daaden oder spiele Darts in unserem PUB in Daaden.","breadcrumb":{"@id":"http:\/\/feiern-in-daaden.de\/?page_id=82#breadcrumb"},"inLanguage":"de","potentialAction":[{"@type":"ReadAction","target":["http:\/\/feiern-in-daaden.de\/?page_id=82"]}]},{"@type":"BreadcrumbList","@id":"http:\/\/feiern-in-daaden.de\/?page_id=82#breadcrumb","itemListElement":[{"@type":"ListItem","position":1,"name":"Startseite","item":"http:\/\/feiern-in-daaden.de\/"},{"@type":"ListItem","position":2,"name":"Unsere Events in Daaden"}]},{"@type":"WebSite","@id":"http:\/\/feiern-in-daaden.de\/#website","url":"http:\/\/feiern-in-daaden.de\/","name":"Willkommen bei B\u00fclo`s und Diggi\u00b4s","description":"Kneipe und Pub in Daaden zum Feiern, Dart spielen, uvm.","publisher":{"@id":"http:\/\/feiern-in-daaden.de\/#organization"},"potentialAction":[{"@type":"SearchAction","target":{"@type":"EntryPoint","urlTemplate":"http:\/\/feiern-in-daaden.de\/?s={search_term_string}"},"query-input":{"@type":"PropertyValueSpecification","valueRequired":true,"valueName":"search_term_string"}}],"inLanguage":"de"},{"@type":"Organization","@id":"http:\/\/feiern-in-daaden.de\/#organization","name":"B\u00fclo\u00b4s und Diggi\u00b4s","url":"http:\/\/feiern-in-daaden.de\/","logo":{"@type":"ImageObject","inLanguage":"de","@id":"http:\/\/feiern-in-daaden.de\/#\/schema\/logo\/image\/","url":"http:\/\/feiern-in-daaden.de\/wp-content\/uploads\/2020\/03\/logo.jpg","contentUrl":"http:\/\/feiern-in-daaden.de\/wp-content\/uploads\/2020\/03\/logo.jpg","width":563,"height":563,"caption":"B\u00fclo\u00b4s und Diggi\u00b4s"},"image":{"@id":"http:\/\/feiern-in-daaden.de\/#\/schema\/logo\/image\/"},"sameAs":["https:\/\/www.facebook.com\/B\u00fclos-Diggis-108013274017405"]}]}},"_links":{"self":[{"href":"http:\/\/feiern-in-daaden.de\/index.php?rest_route=\/wp\/v2\/pages\/82","targetHints":{"allow":["GET"]}}],"collection":[{"href":"http:\/\/feiern-in-daaden.de\/index.php?rest_route=\/wp\/v2\/pages"}],"about":[{"href":"http:\/\/feiern-in-daaden.de\/index.php?rest_route=\/wp\/v2\/types\/page"}],"author":[{"embeddable":true,"href":"http:\/\/feiern-in-daaden.de\/index.php?rest_route=\/wp\/v2\/users\/1"}],"replies":[{"embeddable":true,"href":"http:\/\/feiern-in-daaden.de\/index.php?rest_route=%2Fwp%2Fv2%2Fcomments&post=82"}],"version-history":[{"count":10,"href":"http:\/\/feiern-in-daaden.de\/index.php?rest_route=\/wp\/v2\/pages\/82\/revisions"}],"predecessor-version":[{"id":190,"href":"http:\/\/feiern-in-daaden.de\/index.php?rest_route=\/wp\/v2\/pages\/82\/revisions\/190"}],"wp:attachment":[{"href":"http:\/\/feiern-in-daaden.de\/index.php?rest_route=%2Fwp%2Fv2%2Fmedia&parent=82"}],"curies":[{"name":"wp","href":"https:\/\/api.w.org\/{rel}","templated":true}]}}